{"id":226,"date":"2026-03-06T17:30:08","date_gmt":"2026-03-06T17:30:08","guid":{"rendered":"https:\/\/www.weinbau-gianini.ch\/?page_id=226"},"modified":"2026-03-06T18:02:33","modified_gmt":"2026-03-06T18:02:33","slug":"weinbau-gianini-gmbh-tradition-und-leidenschaft-aus-hallau","status":"publish","type":"page","link":"https:\/\/www.weinbau-gianini.ch\/","title":{"rendered":"Tradition und Leidenschaft aus Hallau"},"content":{"rendered":"\n<p class=\"has-inter-font-family\">Die Weinbau Gianini GmbH in Hallau steht f\u00fcr hochwertige Weine und eine lange Familientradition im Weinbau.<\/p>\n\n\n\n<p class=\"has-inter-font-family\">Unser Weingut liegt im bekannten Schaffhauser Blauburgunderland, einer der sch\u00f6nsten Weinregionen der Schweiz, wo ideale Bedingungen f\u00fcr charaktervolle und elegante Weine entstehen.<\/p>\n\n\n\n<p class=\"has-inter-font-family\">In unseren Rebbergen gedeihen verschiedene Rebsorten, aus denen wir mit viel Sorgfalt und Erfahrung eine vielf\u00e4ltige Auswahl an Weinen keltern. Dazu geh\u00f6ren <strong>Schaumweine, Weissweine, Ros\u00e9weine und Rotweine<\/strong>.<\/p>\n\n\n\n<p class=\"has-inter-font-family\">Als Familienbetrieb legen wir grossen Wert auf handwerkliche Verarbeitung, nachhaltigen Anbau und h\u00f6chste Qualit\u00e4t. Die Arbeit in den Rebbergen und im Keller erfolgt mit viel Hingabe, Respekt vor der Natur und einem Blick f\u00fcr Innovation.<\/p>\n\n\n\n<p class=\"has-inter-font-family\">Gerne laden wir Sie ein, unser Weingut pers\u00f6nlich kennenzulernen. Bei einer Weinprobe oder einer F\u00fchrung durch unseren Weinkeller und die Rebberge erhalten Sie spannende Einblicke in unsere Arbeit und die Entstehung unserer Weine.<\/p>\n\n\n\n<p class=\"has-inter-font-family\">Unser Erfolgsrezept ist einfach:<br>Tradition, Innovation, die Liebe zum Wein und die enge Verbundenheit zur Natur.<\/p>\n\n\n\n<p class=\"has-inter-font-family\">Besuchen Sie uns in Hallau und entdecken Sie unsere Weine direkt vor Ort.<\/p>\n\n\n\n<p class=\"has-inter-font-family\">Wir freuen uns auf Ihren Besuch.<\/p>\n\n\n\n<p class=\"has-inter-font-family\"><strong>Fernando &amp; Manuel Gianini<\/strong><br>Weinbau Gianini GmbH<\/p>\n\n\n\n<p><\/p>\n","protected":false},"excerpt":{"rendered":"<p>Die Weinbau Gianini GmbH in Hallau steht f\u00fcr hochwertige Weine und eine lange Familientradition im Weinbau. Unser Weingut liegt im bekannten Schaffhauser Blauburgunderland, einer der sch\u00f6nsten Weinregionen der Schweiz, wo ideale Bedingungen f\u00fcr charaktervolle und elegante Weine entstehen. In unseren Rebbergen gedeihen verschiedene Rebsorten, aus denen wir mit viel Sorgfalt und Erfahrung eine vielf\u00e4ltige Auswahl&#8230;<\/p>\n","protected":false},"author":1,"featured_media":0,"parent":0,"menu_order":0,"comment_status":"closed","ping_status":"closed","template":"","meta":{"_eb_attr":"","_kad_post_transparent":"","_kad_post_title":"","_kad_post_layout":"","_kad_post_sidebar_id":"","_kad_post_content_style":"","_kad_post_vertical_padding":"","_kad_post_feature":"","_kad_post_feature_position":"","_kad_post_header":false,"_kad_post_footer":false,"_kad_post_classname":"","footnotes":""},"class_list":["post-226","page","type-page","status-publish","hentry"],"_links":{"self":[{"href":"https:\/\/www.weinbau-gianini.ch\/index.php?rest_route=\/wp\/v2\/pages\/226","targetHints":{"allow":["GET"]}}],"collection":[{"href":"https:\/\/www.weinbau-gianini.ch\/index.php?rest_route=\/wp\/v2\/pages"}],"about":[{"href":"https:\/\/www.weinbau-gianini.ch\/index.php?rest_route=\/wp\/v2\/types\/page"}],"author":[{"embeddable":true,"href":"https:\/\/www.weinbau-gianini.ch\/index.php?rest_route=\/wp\/v2\/users\/1"}],"replies":[{"embeddable":true,"href":"https:\/\/www.weinbau-gianini.ch\/index.php?rest_route=%2Fwp%2Fv2%2Fcomments&post=226"}],"version-history":[{"count":5,"href":"https:\/\/www.weinbau-gianini.ch\/index.php?rest_route=\/wp\/v2\/pages\/226\/revisions"}],"predecessor-version":[{"id":235,"href":"https:\/\/www.weinbau-gianini.ch\/index.php?rest_route=\/wp\/v2\/pages\/226\/revisions\/235"}],"wp:attachment":[{"href":"https:\/\/www.weinbau-gianini.ch\/index.php?rest_route=%2Fwp%2Fv2%2Fmedia&parent=226"}],"curies":[{"name":"wp","href":"https:\/\/api.w.org\/{rel}","templated":true}]}}